{"id":607,"date":"2019-12-10T12:58:39","date_gmt":"2019-12-10T11:58:39","guid":{"rendered":"http:\/\/ks.northern-web-coders.de\/en\/?page_id=607"},"modified":"2020-01-19T21:22:25","modified_gmt":"2020-01-19T20:22:25","slug":"resort-koenigsfeld","status":"publish","type":"page","link":"https:\/\/schellknecht-konzepte.de\/en\/what-we-are-working-on\/resort-koenigsfeld\/","title":{"rendered":"K\u00f6nigsfeld resort."},"content":{"rendered":"<div id=\"pl-607\"  class=\"panel-layout\" ><div id=\"pg-607-0\"  class=\"panel-grid panel-no-style\" ><div id=\"pgc-607-0-0\"  class=\"panel-grid-cell\" ><div id=\"panel-607-0-0-0\" class=\"so-panel widget widget_sow-editor panel-first-child\" data-index=\"0\" ><div\n\t\t\t\n\t\t\tclass=\"so-widget-sow-editor so-widget-sow-editor-base\"\n\t\t\t\n\t\t>\n<div class=\"siteorigin-widget-tinymce textwidget\">\n\t<h2 class=\"storytitle\"><a href=\"https:\/\/schellknecht-konzepte.de\/en\/what-we-are-working-on\" rel=\"bookmark\" title=\"WHAT WE ARE WORKING ON\">WHAT WE ARE WORKING ON<\/a><\/h2>\n<\/div>\n<\/div><\/div><div id=\"panel-607-0-0-1\" class=\"so-panel widget widget_media_image\" data-index=\"1\" ><img loading=\"lazy\" decoding=\"async\" class=\"image \" src=\"https:\/\/schellknecht-konzepte.de\/wp-content\/uploads\/2019\/12\/woran-wir-arbeiten.jpg\" alt=\"Worann wir arbeite\" width=\"2045\" height=\"1448\" \/><\/div><div id=\"panel-607-0-0-2\" class=\"so-panel widget widget_sow-editor\" data-index=\"2\" ><div class=\"panel-widget-style panel-widget-style-for-607-0-0-2\" ><div\n\t\t\t\n\t\t\tclass=\"so-widget-sow-editor so-widget-sow-editor-base\"\n\t\t\t\n\t\t>\n<div class=\"siteorigin-widget-tinymce textwidget\">\n\t<h3>GREAT IDEAS.<\/h3>\n<h3>FANTASTIC PROJECTS.<\/h3>\n<\/div>\n<\/div><\/div><\/div><div id=\"panel-607-0-0-3\" class=\"so-panel widget widget_nav_menu\" data-index=\"3\" ><div class=\"panel-widget-style panel-widget-style-for-607-0-0-3\" ><div class=\"menu-projekte-container\"><ul id=\"menu-projekte\" class=\"menu\"><li id=\"menu-item-505\" class=\"menu-item menu-item-type-post_type menu-item-object-page menu-item-505\"><a href=\"https:\/\/schellknecht-konzepte.de\/en\/what-we-are-working-on\/support-and-consultation-of-the-travel-charme-hotels-resorts\/\">Travel Charme Hotels &#038; Resorts.<\/a><\/li>\n<li id=\"menu-item-509\" class=\"menu-item menu-item-type-post_type menu-item-object-page menu-item-509\"><a href=\"https:\/\/schellknecht-konzepte.de\/en\/what-we-are-working-on\/weissenhaus-grand-village-resort-spa-by-the-sea\/\">WEISSENHAUS Grand Village Resort &#038; Spa am Meer.<\/a><\/li>\n<li id=\"menu-item-521\" class=\"menu-item menu-item-type-post_type menu-item-object-page menu-item-521\"><a href=\"https:\/\/schellknecht-konzepte.de\/en\/what-we-are-working-on\/sagarmatha-mountain-eco-hotel\/\">Sagarmatha Mountain Eco Hotel.<\/a><\/li>\n<li id=\"menu-item-645\" class=\"menu-item menu-item-type-post_type menu-item-object-page menu-item-645\"><a href=\"https:\/\/schellknecht-konzepte.de\/en\/what-we-are-working-on\/gasthaus-weisses-kreuz\/\">Gasthaus Wei\u00dfes Kreuz.<\/a><\/li>\n<li id=\"menu-item-532\" class=\"menu-item menu-item-type-post_type menu-item-object-page menu-item-532\"><a href=\"https:\/\/schellknecht-konzepte.de\/en\/what-we-are-working-on\/historical-centre-altensteig\/\">Altensteig\u2019s historical old town.<\/a><\/li>\n<li id=\"menu-item-544\" class=\"menu-item menu-item-type-post_type menu-item-object-page menu-item-544\"><a href=\"https:\/\/schellknecht-konzepte.de\/en\/what-we-are-working-on\/family-orientated-accommodation-facility\/\">A family-oriented hospitality business.<\/a><\/li>\n<li id=\"menu-item-560\" class=\"menu-item menu-item-type-post_type menu-item-object-page menu-item-560\"><a href=\"https:\/\/schellknecht-konzepte.de\/en\/what-we-are-working-on\/immenhof-on-rothensande\/\">Gut Immenhof auf Rothensande.<\/a><\/li>\n<li id=\"menu-item-566\" class=\"menu-item menu-item-type-post_type menu-item-object-page menu-item-566\"><a href=\"https:\/\/schellknecht-konzepte.de\/en\/what-we-are-working-on\/simson-serviced-apartments\/\">SIMSON Serviced Apartments.<\/a><\/li>\n<li id=\"menu-item-409\" class=\"menu-item menu-item-type-post_type menu-item-object-page menu-item-409\"><a href=\"https:\/\/schellknecht-konzepte.de\/en\/what-we-are-working-on\/ancora-marina-resort\/\">ancora Marina Resort.<\/a><\/li>\n<li id=\"menu-item-575\" class=\"menu-item menu-item-type-post_type menu-item-object-page menu-item-575\"><a href=\"https:\/\/schellknecht-konzepte.de\/en\/what-we-are-working-on\/der-spatzenhof-nature-resort-spa-in-the-bergische-land\/\">Der Spatzenhof. A resort and spa in the Bergisches Land.<\/a><\/li>\n<li id=\"menu-item-589\" class=\"menu-item menu-item-type-post_type menu-item-object-page menu-item-589\"><a href=\"https:\/\/schellknecht-konzepte.de\/en\/what-we-are-working-on\/sustainable-tourism-concept-for-the-district-steglitz-zehlendorf\/\">Sustainable tourism concept for the district of Steglitz-Zehlendorf.<\/a><\/li>\n<li id=\"menu-item-582\" class=\"menu-item menu-item-type-post_type menu-item-object-page menu-item-582\"><a href=\"https:\/\/schellknecht-konzepte.de\/en\/what-we-are-working-on\/quartier-at-tacheles\/\">Quartier am Tacheles.<\/a><\/li>\n<li id=\"menu-item-487\" class=\"menu-item menu-item-type-post_type menu-item-object-page menu-item-487\"><a href=\"https:\/\/schellknecht-konzepte.de\/en\/what-we-are-working-on\/hotel-linde\/\">Hotel Linde.<\/a><\/li>\n<li id=\"menu-item-595\" class=\"menu-item menu-item-type-post_type menu-item-object-page menu-item-595\"><a href=\"https:\/\/schellknecht-konzepte.de\/en\/what-we-are-working-on\/venice-event\/\">Venice eVent.<\/a><\/li>\n<li id=\"menu-item-606\" class=\"menu-item menu-item-type-post_type menu-item-object-page menu-item-606\"><a href=\"https:\/\/schellknecht-konzepte.de\/en\/what-we-are-working-on\/landschloss-orth\/\">Landschloss Orth. A resort on the Toscana peninsula.<\/a><\/li>\n<li id=\"menu-item-617\" class=\"menu-item menu-item-type-post_type menu-item-object-page menu-item-617\"><a href=\"https:\/\/schellknecht-konzepte.de\/en\/what-we-are-working-on\/resort-koenigsfeld\/\">K\u00f6nigsfeld resort.<\/a><\/li>\n<li id=\"menu-item-630\" class=\"menu-item menu-item-type-post_type menu-item-object-page menu-item-630\"><a href=\"https:\/\/schellknecht-konzepte.de\/en\/what-we-are-working-on\/pellewelle2\/\">PelleWelle 2.0.<\/a><\/li>\n<li id=\"menu-item-639\" class=\"menu-item menu-item-type-post_type menu-item-object-page menu-item-639\"><a href=\"https:\/\/schellknecht-konzepte.de\/en\/what-we-are-working-on\/das-hotel-on-tegernsee-lake\/\">\u201cDas Hotel\u201d on Tegernsee lake.<\/a><\/li>\n<\/ul><\/div><\/div><\/div><div id=\"panel-607-0-0-4\" class=\"so-panel widget widget_sow-editor\" data-index=\"4\" ><div\n\t\t\t\n\t\t\tclass=\"so-widget-sow-editor so-widget-sow-editor-base\"\n\t\t\t\n\t\t>\n<div class=\"siteorigin-widget-tinymce textwidget\">\n\t<div style=\"height: 15px; background: url(https:\/\/schellknecht-konzepte.de\/wp-content\/uploads\/2019\/11\/slash-1.png)\"><\/div>\n<\/div>\n<\/div><\/div><div id=\"panel-607-0-0-5\" class=\"so-panel widget widget_sow-editor\" data-index=\"5\" ><div class=\"panel-widget-style panel-widget-style-for-607-0-0-5\" ><div\n\t\t\t\n\t\t\tclass=\"so-widget-sow-editor so-widget-sow-editor-base\"\n\t\t\t\n\t\t>\n<div class=\"siteorigin-widget-tinymce textwidget\">\n\t<h3><span><a style=\"text-decoration: none\" href=\"https:\/\/schellknecht-konzepte.de\/en\/what-we-are-working-on\/resort-koenigsfeld\/\" title=\"K\u00f6nigsfeld resort.\">K\u00f6nigsfeld resort.<\/a><\/span><\/h3>\n<\/div>\n<\/div><\/div><\/div><div id=\"panel-607-0-0-6\" class=\"so-panel widget widget_sow-editor panel-last-child\" data-index=\"6\" ><div\n\t\t\t\n\t\t\tclass=\"so-widget-sow-editor so-widget-sow-editor-base\"\n\t\t\t\n\t\t>\n<div class=\"siteorigin-widget-tinymce textwidget\">\n\t<p><strong>Location.<\/strong><br \/>\nK\u00f6nigsfeld im Schwarzwald, Baden-W\u00fcrttemberg, Germany.<\/p>\n<p><strong>Services.<\/strong><br \/>\nAnalysis of potential \/ operational concept \/ profitability calculations \/ operator and investor analysis \/ contact with operators and investors.<\/p>\n<p><strong>Client.<\/strong><br \/>\nPrivate owner \/ asset management company.<\/p>\n<p><strong>Time period.<\/strong><br \/>\nSince summer 2018.<\/p>\n<\/div>\n<\/div><\/div><\/div><\/div><div id=\"pg-607-1\"  class=\"panel-grid panel-has-style\" ><div id=\"projekt-norm\" class=\"panel-row-style panel-row-style-for-607-1\" ><div id=\"pgc-607-1-0\"  class=\"panel-grid-cell\" ><div id=\"panel-607-1-0-0\" class=\"so-panel widget widget_sow-editor panel-first-child panel-last-child\" data-index=\"7\" ><div\n\t\t\t\n\t\t\tclass=\"so-widget-sow-editor so-widget-sow-editor-base\"\n\t\t\t\n\t\t>\n<div class=\"siteorigin-widget-tinymce textwidget\">\n\t<p><img loading=\"lazy\" decoding=\"async\" class=\"alignnone size-full wp-image-459\" src=\"https:\/\/schellknecht-konzepte.de\/wp-content\/uploads\/2019\/12\/Resort_Koenigsfeld1.jpg\" alt=\"\" width=\"600\" height=\"416\" \/><\/p>\n<p><strong>The project.<\/strong><br \/>\nThe project objective was to create a unique resort on the site of the former Kinderweide clinic in K\u00f6nigsfeld in the Black Forest. Holistic, sustainable, authentic, honest and unique. The asset management company responsible intends to develop the premises, which have been in the owner\u2019s family for generations, by creating an establishment to be proud of; an establishment that will enrich the lives of those involved in its construction and benefit the region as a whole.<br \/>\nK\u00f6nigsfeld resort. To us it is K\u00f6nigsfeld\u2019s top provider of event locations and outdoor enjoyment. In the Black Forest. A space for interaction. For new event formats. Refreshingly authentic.<\/p>\n<\/div>\n<\/div><\/div><\/div><div id=\"pgc-607-1-1\"  class=\"panel-grid-cell\" ><div id=\"panel-607-1-1-0\" class=\"so-panel widget widget_sow-editor panel-first-child panel-last-child\" data-index=\"8\" ><div\n\t\t\t\n\t\t\tclass=\"so-widget-sow-editor so-widget-sow-editor-base\"\n\t\t\t\n\t\t>\n<div class=\"siteorigin-widget-tinymce textwidget\">\n\t<p><img loading=\"lazy\" decoding=\"async\" class=\"alignnone size-full wp-image-460\" src=\"https:\/\/schellknecht-konzepte.de\/wp-content\/uploads\/2019\/12\/Resort_Koenigsfeld2.jpg\" alt=\"\" width=\"600\" height=\"416\" \/><\/p>\n<p>Just like the Black Forest. Innovative. Appealing. Surrounded by beautiful scenery and fascinating history, traditions and culture. Vibrancy. Joie de vivre. Quality of life. A happy place. Harmony for the eyes and the soul. A place to stay for people of all ages. And all walks of life. A meeting point for artists. And intellectuals. Idyllic scenery. And urban spirit.<br \/>\nK\u00f6nigsfeld resort. A place in which to experience the best nature has to offer. For all generations. K\u00f6nigsfeld resort is a meeting point. A think tank. Varied. Vibrant. Entertaining. Extraordinary. Mystical. Multigenerational holidays 4.0. Its development is set to generate added value not only for (new) guests, but also for the region, the region\u2019s politics and the population at large.<\/p>\n<\/div>\n<\/div><\/div><\/div><\/div><\/div><div id=\"pg-607-2\"  class=\"panel-grid panel-has-style\" ><div id=\"projekt-mobil\" class=\"panel-row-style panel-row-style-for-607-2\" ><div id=\"pgc-607-2-0\"  class=\"panel-grid-cell\" ><div id=\"panel-607-2-0-0\" class=\"so-panel widget widget_sow-editor panel-first-child\" data-index=\"9\" ><div\n\t\t\t\n\t\t\tclass=\"so-widget-sow-editor so-widget-sow-editor-base\"\n\t\t\t\n\t\t>\n<div class=\"siteorigin-widget-tinymce textwidget\">\n\t<p><img loading=\"lazy\" decoding=\"async\" class=\"alignnone size-full wp-image-459\" src=\"https:\/\/schellknecht-konzepte.de\/wp-content\/uploads\/2019\/12\/Resort_Koenigsfeld1.jpg\" alt=\"\" width=\"600\" height=\"416\" \/><\/p>\n<\/div>\n<\/div><\/div><div id=\"panel-607-2-0-1\" class=\"so-panel widget widget_sow-editor\" data-index=\"10\" ><div\n\t\t\t\n\t\t\tclass=\"so-widget-sow-editor so-widget-sow-editor-base\"\n\t\t\t\n\t\t>\n<div class=\"siteorigin-widget-tinymce textwidget\">\n\t<p><img loading=\"lazy\" decoding=\"async\" class=\"alignnone size-full wp-image-460\" src=\"https:\/\/schellknecht-konzepte.de\/wp-content\/uploads\/2019\/12\/Resort_Koenigsfeld2.jpg\" alt=\"\" width=\"600\" height=\"416\" \/><\/p>\n<\/div>\n<\/div><\/div><div id=\"panel-607-2-0-2\" class=\"so-panel widget widget_sow-editor panel-last-child\" data-index=\"11\" ><div\n\t\t\t\n\t\t\tclass=\"so-widget-sow-editor so-widget-sow-editor-base\"\n\t\t\t\n\t\t>\n<div class=\"siteorigin-widget-tinymce textwidget\">\n\t<p><strong>The project.<\/strong><br \/>\nThe project objective was to create a unique resort on the site of the former Kinderweide clinic in K\u00f6nigsfeld in the Black Forest. Holistic, sustainable, authentic, honest and unique. The asset management company responsible intends to develop the premises, which have been in the owner\u2019s family for generations, by creating an establishment to be proud of; an establishment that will enrich the lives of those involved in its construction and benefit the region as a whole.<br \/>\nK\u00f6nigsfeld resort. To us it is K\u00f6nigsfeld\u2019s top provider of event locations and outdoor enjoyment. In the Black Forest. A space for interaction. For new event formats. Refreshingly authentic. Just like the Black Forest. Innovative. Appealing. Surrounded by beautiful scenery and fascinating history, traditions and culture. Vibrancy. Joie de vivre. Quality of life. A happy place. Harmony for the eyes and the soul. A place to stay for people of all ages. And all walks of life. A meeting point for artists. And intellectuals. Idyllic scenery. And urban spirit.<br \/>\nK\u00f6nigsfeld resort. A place in which to experience the best nature has to offer. For all generations. K\u00f6nigsfeld resort is a meeting point. A think tank. Varied. Vibrant. Entertaining. Extraordinary. Mystical. Multigenerational holidays 4.0. Its development is set to generate added value not only for (new) guests, but also for the region, the region\u2019s politics and the population at large.<\/p>\n<\/div>\n<\/div><\/div><\/div><\/div><\/div><div id=\"pg-607-3\"  class=\"panel-grid panel-no-style\" ><div id=\"pgc-607-3-0\"  class=\"panel-grid-cell\" ><div id=\"panel-607-3-0-0\" class=\"so-panel widget widget_sow-editor panel-first-child panel-last-child\" data-index=\"12\" ><div\n\t\t\t\n\t\t\tclass=\"so-widget-sow-editor so-widget-sow-editor-base\"\n\t\t\t\n\t\t>\n<div class=\"siteorigin-widget-tinymce textwidget\">\n\t<div style=\"height: 15px; background: url(https:\/\/schellknecht-konzepte.de\/wp-content\/uploads\/2019\/11\/slash-1.png)\"><\/div>\n<\/div>\n<\/div><\/div><\/div><\/div><div id=\"pg-607-4\"  class=\"panel-grid panel-no-style\" ><div id=\"pgc-607-4-0\"  class=\"panel-grid-cell\" ><div id=\"panel-607-4-0-0\" class=\"so-panel widget widget_sow-button panel-first-child panel-last-child\" data-index=\"13\" ><div class=\"panel-widget-style panel-widget-style-for-607-4-0-0\" ><div\n\t\t\t\n\t\t\tclass=\"so-widget-sow-button so-widget-sow-button-flat-87a476276b72-607\"\n\t\t\t\n\t\t><div class=\"ow-button-base ow-button-align-left\"\n>\n\t\t\t<a\n\t\t\t\t\thref=\"https:\/\/schellknecht-konzepte.de\/en\/what-we-are-working-on\/pellewelle2\/\"\n\t\t\t\t\tclass=\"sowb-button ow-icon-placement-right ow-button-hover\" \t>\n\t\t<span>\n\t\t\t<span class=\"sow-icon-genericons\" data-sow-icon=\"&#xf501;\"\n\t\tstyle=\"color: #ffcc00\" \n\t\taria-hidden=\"true\"><\/span>\n\t\t\tNEXT PROJECT\t\t<\/span>\n\t\t\t<\/a>\n\t<\/div>\n<\/div><\/div><\/div><\/div><div id=\"pgc-607-4-1\"  class=\"panel-grid-cell\" ><div id=\"panel-607-4-1-0\" class=\"so-panel widget widget_sow-button panel-first-child panel-last-child\" data-index=\"14\" ><div class=\"panel-widget-style panel-widget-style-for-607-4-1-0\" ><div\n\t\t\t\n\t\t\tclass=\"so-widget-sow-button so-widget-sow-button-flat-59f762dbeb0a-607\"\n\t\t\t\n\t\t><div class=\"ow-button-base ow-button-align-left\"\n>\n\t\t\t<a\n\t\t\t\t\thref=\"https:\/\/schellknecht-konzepte.de\/en\/what-we-are-working-on\/landschloss-orth\/\"\n\t\t\t\t\tclass=\"sowb-button ow-icon-placement-left ow-button-hover\" \t>\n\t\t<span>\n\t\t\t<span class=\"sow-icon-genericons\" data-sow-icon=\"&#xf503;\"\n\t\tstyle=\"color: #ffcc00\" \n\t\taria-hidden=\"true\"><\/span>\n\t\t\tPREVIOUS PROJECT\t\t<\/span>\n\t\t\t<\/a>\n\t<\/div>\n<\/div><\/div><\/div><\/div><\/div><\/div>","protected":false},"excerpt":{"rendered":"<p>WHAT WE ARE WORKING ON GREAT IDEAS. FANTASTIC PROJECTS. K\u00f6nigsfeld resort. Location. K\u00f6nigsfeld im Schwarzwald, Baden-W\u00fcrttemberg, Germany. Services. Analysis of potential \/ operational concept \/ profitability calculations \/ operator and investor analysis \/ contact with operators and investors. Client. Private owner \/ asset management company. Time period. Since summer 2018. The project. The project objective [&hellip;]<\/p>\n","protected":false},"author":1,"featured_media":0,"parent":381,"menu_order":0,"comment_status":"closed","ping_status":"closed","template":"","meta":{"footnotes":""},"class_list":["post-607","page","type-page","status-publish","hentry"],"_links":{"self":[{"href":"https:\/\/schellknecht-konzepte.de\/en\/wp-json\/wp\/v2\/pages\/607","targetHints":{"allow":["GET"]}}],"collection":[{"href":"https:\/\/schellknecht-konzepte.de\/en\/wp-json\/wp\/v2\/pages"}],"about":[{"href":"https:\/\/schellknecht-konzepte.de\/en\/wp-json\/wp\/v2\/types\/page"}],"author":[{"embeddable":true,"href":"https:\/\/schellknecht-konzepte.de\/en\/wp-json\/wp\/v2\/users\/1"}],"replies":[{"embeddable":true,"href":"https:\/\/schellknecht-konzepte.de\/en\/wp-json\/wp\/v2\/comments?post=607"}],"version-history":[{"count":0,"href":"https:\/\/schellknecht-konzepte.de\/en\/wp-json\/wp\/v2\/pages\/607\/revisions"}],"up":[{"embeddable":true,"href":"https:\/\/schellknecht-konzepte.de\/en\/wp-json\/wp\/v2\/pages\/381"}],"wp:attachment":[{"href":"https:\/\/schellknecht-konzepte.de\/en\/wp-json\/wp\/v2\/media?parent=607"}],"curies":[{"name":"wp","href":"https:\/\/api.w.org\/{rel}","templated":true}]}}