{"id":567,"date":"2019-12-10T10:48:29","date_gmt":"2019-12-10T09:48:29","guid":{"rendered":"http:\/\/ks.northern-web-coders.de\/en\/?page_id=567"},"modified":"2020-01-19T21:18:30","modified_gmt":"2020-01-19T20:18:30","slug":"der-spatzenhof-nature-resort-spa-in-the-bergische-land","status":"publish","type":"page","link":"https:\/\/schellknecht-konzepte.de\/en\/what-we-are-working-on\/der-spatzenhof-nature-resort-spa-in-the-bergische-land\/","title":{"rendered":"Der Spatzenhof. A resort and spa in the Bergisches Land region."},"content":{"rendered":"<div id=\"pl-567\"  class=\"panel-layout\" ><div id=\"pg-567-0\"  class=\"panel-grid panel-no-style\" ><div id=\"pgc-567-0-0\"  class=\"panel-grid-cell\" ><div id=\"panel-567-0-0-0\" class=\"so-panel widget widget_sow-editor panel-first-child\" data-index=\"0\" ><div\n\t\t\t\n\t\t\tclass=\"so-widget-sow-editor so-widget-sow-editor-base\"\n\t\t\t\n\t\t>\n<div class=\"siteorigin-widget-tinymce textwidget\">\n\t<h2 class=\"storytitle\"><a href=\"https:\/\/schellknecht-konzepte.de\/en\/what-we-are-working-on\" rel=\"bookmark\" title=\"WHAT WE ARE WORKING ON\">WHAT WE ARE WORKING ON<\/a><\/h2>\n<\/div>\n<\/div><\/div><div id=\"panel-567-0-0-1\" class=\"so-panel widget widget_media_image\" data-index=\"1\" ><img loading=\"lazy\" decoding=\"async\" class=\"image \" src=\"https:\/\/schellknecht-konzepte.de\/wp-content\/uploads\/2019\/12\/woran-wir-arbeiten.jpg\" alt=\"Worann wir arbeite\" width=\"2045\" height=\"1448\" \/><\/div><div id=\"panel-567-0-0-2\" class=\"so-panel widget widget_sow-editor\" data-index=\"2\" ><div class=\"panel-widget-style panel-widget-style-for-567-0-0-2\" ><div\n\t\t\t\n\t\t\tclass=\"so-widget-sow-editor so-widget-sow-editor-base\"\n\t\t\t\n\t\t>\n<div class=\"siteorigin-widget-tinymce textwidget\">\n\t<h3>GREAT IDEAS.<\/h3>\n<h3>FANTASTIC PROJECTS.<\/h3>\n<\/div>\n<\/div><\/div><\/div><div id=\"panel-567-0-0-3\" class=\"so-panel widget widget_nav_menu\" data-index=\"3\" ><div class=\"panel-widget-style panel-widget-style-for-567-0-0-3\" ><div class=\"menu-projekte-container\"><ul id=\"menu-projekte\" class=\"menu\"><li id=\"menu-item-505\" class=\"menu-item menu-item-type-post_type menu-item-object-page menu-item-505\"><a href=\"https:\/\/schellknecht-konzepte.de\/en\/what-we-are-working-on\/support-and-consultation-of-the-travel-charme-hotels-resorts\/\">Travel Charme Hotels &#038; Resorts.<\/a><\/li>\n<li id=\"menu-item-509\" class=\"menu-item menu-item-type-post_type menu-item-object-page menu-item-509\"><a href=\"https:\/\/schellknecht-konzepte.de\/en\/what-we-are-working-on\/weissenhaus-grand-village-resort-spa-by-the-sea\/\">WEISSENHAUS Grand Village Resort &#038; Spa am Meer.<\/a><\/li>\n<li id=\"menu-item-521\" class=\"menu-item menu-item-type-post_type menu-item-object-page menu-item-521\"><a href=\"https:\/\/schellknecht-konzepte.de\/en\/what-we-are-working-on\/sagarmatha-mountain-eco-hotel\/\">Sagarmatha Mountain Eco Hotel.<\/a><\/li>\n<li id=\"menu-item-645\" class=\"menu-item menu-item-type-post_type menu-item-object-page menu-item-645\"><a href=\"https:\/\/schellknecht-konzepte.de\/en\/what-we-are-working-on\/gasthaus-weisses-kreuz\/\">Gasthaus Wei\u00dfes Kreuz.<\/a><\/li>\n<li id=\"menu-item-532\" class=\"menu-item menu-item-type-post_type menu-item-object-page menu-item-532\"><a href=\"https:\/\/schellknecht-konzepte.de\/en\/what-we-are-working-on\/historical-centre-altensteig\/\">Altensteig\u2019s historical old town.<\/a><\/li>\n<li id=\"menu-item-544\" class=\"menu-item menu-item-type-post_type menu-item-object-page menu-item-544\"><a href=\"https:\/\/schellknecht-konzepte.de\/en\/what-we-are-working-on\/family-orientated-accommodation-facility\/\">A family-oriented hospitality business.<\/a><\/li>\n<li id=\"menu-item-560\" class=\"menu-item menu-item-type-post_type menu-item-object-page menu-item-560\"><a href=\"https:\/\/schellknecht-konzepte.de\/en\/what-we-are-working-on\/immenhof-on-rothensande\/\">Gut Immenhof auf Rothensande.<\/a><\/li>\n<li id=\"menu-item-566\" class=\"menu-item menu-item-type-post_type menu-item-object-page menu-item-566\"><a href=\"https:\/\/schellknecht-konzepte.de\/en\/what-we-are-working-on\/simson-serviced-apartments\/\">SIMSON Serviced Apartments.<\/a><\/li>\n<li id=\"menu-item-409\" class=\"menu-item menu-item-type-post_type menu-item-object-page menu-item-409\"><a href=\"https:\/\/schellknecht-konzepte.de\/en\/what-we-are-working-on\/ancora-marina-resort\/\">ancora Marina Resort.<\/a><\/li>\n<li id=\"menu-item-575\" class=\"menu-item menu-item-type-post_type menu-item-object-page menu-item-575\"><a href=\"https:\/\/schellknecht-konzepte.de\/en\/what-we-are-working-on\/der-spatzenhof-nature-resort-spa-in-the-bergische-land\/\">Der Spatzenhof. A resort and spa in the Bergisches Land.<\/a><\/li>\n<li id=\"menu-item-589\" class=\"menu-item menu-item-type-post_type menu-item-object-page menu-item-589\"><a href=\"https:\/\/schellknecht-konzepte.de\/en\/what-we-are-working-on\/sustainable-tourism-concept-for-the-district-steglitz-zehlendorf\/\">Sustainable tourism concept for the district of Steglitz-Zehlendorf.<\/a><\/li>\n<li id=\"menu-item-582\" class=\"menu-item menu-item-type-post_type menu-item-object-page menu-item-582\"><a href=\"https:\/\/schellknecht-konzepte.de\/en\/what-we-are-working-on\/quartier-at-tacheles\/\">Quartier am Tacheles.<\/a><\/li>\n<li id=\"menu-item-487\" class=\"menu-item menu-item-type-post_type menu-item-object-page menu-item-487\"><a href=\"https:\/\/schellknecht-konzepte.de\/en\/what-we-are-working-on\/hotel-linde\/\">Hotel Linde.<\/a><\/li>\n<li id=\"menu-item-595\" class=\"menu-item menu-item-type-post_type menu-item-object-page menu-item-595\"><a href=\"https:\/\/schellknecht-konzepte.de\/en\/what-we-are-working-on\/venice-event\/\">Venice eVent.<\/a><\/li>\n<li id=\"menu-item-606\" class=\"menu-item menu-item-type-post_type menu-item-object-page menu-item-606\"><a href=\"https:\/\/schellknecht-konzepte.de\/en\/what-we-are-working-on\/landschloss-orth\/\">Landschloss Orth. A resort on the Toscana peninsula.<\/a><\/li>\n<li id=\"menu-item-617\" class=\"menu-item menu-item-type-post_type menu-item-object-page menu-item-617\"><a href=\"https:\/\/schellknecht-konzepte.de\/en\/what-we-are-working-on\/resort-koenigsfeld\/\">K\u00f6nigsfeld resort.<\/a><\/li>\n<li id=\"menu-item-630\" class=\"menu-item menu-item-type-post_type menu-item-object-page menu-item-630\"><a href=\"https:\/\/schellknecht-konzepte.de\/en\/what-we-are-working-on\/pellewelle2\/\">PelleWelle 2.0.<\/a><\/li>\n<li id=\"menu-item-639\" class=\"menu-item menu-item-type-post_type menu-item-object-page menu-item-639\"><a href=\"https:\/\/schellknecht-konzepte.de\/en\/what-we-are-working-on\/das-hotel-on-tegernsee-lake\/\">\u201cDas Hotel\u201d on Tegernsee lake.<\/a><\/li>\n<\/ul><\/div><\/div><\/div><div id=\"panel-567-0-0-4\" class=\"so-panel widget widget_sow-editor\" data-index=\"4\" ><div\n\t\t\t\n\t\t\tclass=\"so-widget-sow-editor so-widget-sow-editor-base\"\n\t\t\t\n\t\t>\n<div class=\"siteorigin-widget-tinymce textwidget\">\n\t<div style=\"height: 15px; background: url(https:\/\/schellknecht-konzepte.de\/wp-content\/uploads\/2019\/11\/slash-1.png)\"><\/div>\n<\/div>\n<\/div><\/div><div id=\"panel-567-0-0-5\" class=\"so-panel widget widget_sow-editor\" data-index=\"5\" ><div class=\"panel-widget-style panel-widget-style-for-567-0-0-5\" ><div\n\t\t\t\n\t\t\tclass=\"so-widget-sow-editor so-widget-sow-editor-base\"\n\t\t\t\n\t\t>\n<div class=\"siteorigin-widget-tinymce textwidget\">\n\t<h3><span><a style=\"text-decoration: none\" href=\"https:\/\/schellknecht-konzepte.de\/en\/what-we-are-working-on\/der-spatzenhof-nature-resort-spa-in-the-bergische-land\/\" title=\"Der Spatzenhof. A resort and spa in the Bergisches Land region.\">Der Spatzenhof. A resort and spa in the Bergisches Land region.<\/a><\/span><\/h3>\n<\/div>\n<\/div><\/div><\/div><div id=\"panel-567-0-0-6\" class=\"so-panel widget widget_sow-editor panel-last-child\" data-index=\"6\" ><div\n\t\t\t\n\t\t\tclass=\"so-widget-sow-editor so-widget-sow-editor-base\"\n\t\t\t\n\t\t>\n<div class=\"siteorigin-widget-tinymce textwidget\">\n\t<p><strong>Location.<\/strong><br \/>\nWermelskirchen, North Rhine-Westphalia, Germany.<\/p>\n<p><strong>Services.<\/strong><br \/>\nUsage and operator concept \/ profitability calculation \/ technical assistance.<\/p>\n<p><strong>Client.<\/strong><br \/>\nGr\u00fcnderzeit Hotel & Gastronomie OHG (Owner).<\/p>\n<p><strong>Time period.<\/strong><br \/>\nSince April 2014.<\/p>\n<\/div>\n<\/div><\/div><\/div><\/div><div id=\"pg-567-1\"  class=\"panel-grid panel-has-style\" ><div id=\"projekt-norm\" class=\"panel-row-style panel-row-style-for-567-1\" ><div id=\"pgc-567-1-0\"  class=\"panel-grid-cell\" ><div id=\"panel-567-1-0-0\" class=\"so-panel widget widget_sow-editor panel-first-child panel-last-child\" data-index=\"7\" ><div\n\t\t\t\n\t\t\tclass=\"so-widget-sow-editor so-widget-sow-editor-base\"\n\t\t\t\n\t\t>\n<div class=\"siteorigin-widget-tinymce textwidget\">\n\t<p><img loading=\"lazy\" decoding=\"async\" class=\"alignnone size-full wp-image-459\" src=\"https:\/\/schellknecht-konzepte.de\/wp-content\/uploads\/2019\/11\/Der-Spatzenhof.jpg\" alt=\"\" width=\"600\" height=\"416\" \/><\/p>\n<p><strong>The project.<\/strong><br \/>\n\u201cGib den G\u00e4sten nur vom Besten aus den Kisten, aus den K\u00e4sten; von den Resten kannst Du Dich dann selber m\u00e4sten\u201d (From the boxes and crates give guests only the best. You can feed yourself from the rest). The operators of the beautiful and popular Spatzenhof have remained true to their original motto to this day, although much else has changed since it was coined back in 1959. The hotel and restaurant offering high-quality countryhouse cuisine was reopened in 2009 after undergoing comprehensive, painstaking refurbishment and extension work.<br \/>\nOriginally serving as a children\u2019s home when it was opened in 1913, the Spatzenhof is now to be transformed into a fully-fledged hotel complex. A suitable piece of land has already been purchased for this purpose.<\/p>\n<\/div>\n<\/div><\/div><\/div><div id=\"pgc-567-1-1\"  class=\"panel-grid-cell\" ><div id=\"panel-567-1-1-0\" class=\"so-panel widget widget_sow-editor panel-first-child panel-last-child\" data-index=\"8\" ><div\n\t\t\t\n\t\t\tclass=\"so-widget-sow-editor so-widget-sow-editor-base\"\n\t\t\t\n\t\t>\n<div class=\"siteorigin-widget-tinymce textwidget\">\n\t<p><img loading=\"lazy\" decoding=\"async\" class=\"alignnone size-full wp-image-460\" src=\"https:\/\/schellknecht-konzepte.de\/wp-content\/uploads\/2019\/11\/Der-Spatzenhof-2.jpg\" alt=\"\" width=\"600\" height=\"416\" \/><\/p>\n<p>The Spatzenhof\u2019s transformation has local political backing and aims to promote tourism in Wermelskirchen and in the Bergisches Land as a whole.It will involve the development of a pilot project based on the tourism strategy of the state of North Rhine-Westphalia. According to our analyses of the market of the potential offered, the Spatzenhof should be positioned as a Premium (holiday) resort while retaining its existing structure and excellent image. The Spatzenhof offers wonderful views of meadows and forests, a multitude of outdoor pursuits, medicinal wellness treatments and cultural activities, all complemented by an excellent restaurant. And with its central location and good accessibility, the Spatzenhof is set to become the ideal destination for city dwellers and nature lovers keen to take some time out in beautiful and relaxing surroundings.<\/p>\n<\/div>\n<\/div><\/div><\/div><\/div><\/div><div id=\"pg-567-2\"  class=\"panel-grid panel-has-style\" ><div id=\"projekt-mobil\" class=\"panel-row-style panel-row-style-for-567-2\" ><div id=\"pgc-567-2-0\"  class=\"panel-grid-cell\" ><div id=\"panel-567-2-0-0\" class=\"so-panel widget widget_sow-editor panel-first-child\" data-index=\"9\" ><div\n\t\t\t\n\t\t\tclass=\"so-widget-sow-editor so-widget-sow-editor-base\"\n\t\t\t\n\t\t>\n<div class=\"siteorigin-widget-tinymce textwidget\">\n\t<p><img loading=\"lazy\" decoding=\"async\" class=\"alignnone size-full wp-image-459\" src=\"https:\/\/schellknecht-konzepte.de\/wp-content\/uploads\/2019\/11\/Der-Spatzenhof.jpg\" alt=\"\" width=\"600\" height=\"416\" \/><\/p>\n<\/div>\n<\/div><\/div><div id=\"panel-567-2-0-1\" class=\"so-panel widget widget_sow-editor\" data-index=\"10\" ><div\n\t\t\t\n\t\t\tclass=\"so-widget-sow-editor so-widget-sow-editor-base\"\n\t\t\t\n\t\t>\n<div class=\"siteorigin-widget-tinymce textwidget\">\n\t<p><img loading=\"lazy\" decoding=\"async\" class=\"alignnone size-full wp-image-460\" src=\"https:\/\/schellknecht-konzepte.de\/wp-content\/uploads\/2019\/11\/Der-Spatzenhof-2.jpg\" alt=\"\" width=\"600\" height=\"416\" \/><\/p>\n<\/div>\n<\/div><\/div><div id=\"panel-567-2-0-2\" class=\"so-panel widget widget_sow-editor panel-last-child\" data-index=\"11\" ><div\n\t\t\t\n\t\t\tclass=\"so-widget-sow-editor so-widget-sow-editor-base\"\n\t\t\t\n\t\t>\n<div class=\"siteorigin-widget-tinymce textwidget\">\n\t<p><strong>The project.<\/strong><br \/>\n\u201cGib den G\u00e4sten nur vom Besten aus den Kisten, aus den K\u00e4sten; von den Resten kannst Du Dich dann selber m\u00e4sten\u201d (From the boxes and crates give guests only the best. You can feed yourself from the rest). The operators of the beautiful and popular Spatzenhof have remained<br \/>\ntrue to their original motto to this day, although much else has changed<br \/>\nsince it was coined back in 1959. The hotel and restaurant offering high-quality countryhouse cuisine was reopened in 2009 after undergoing comprehensive, painstaking refurbishment and<br \/>\nextension work.<br \/>\nOriginally serving as a children\u2019s home when it was opened in 1913, the Spatzenhof is now to be transformed into a fully-fledged hotel complex. A suitable piece of land has already been purchased for this purpose. The Spatzenhof\u2019s transformation has local political backing and aims to promote tourism in Wermelskirchen and in the Bergisches Land as a whole. It will involve the development of a pilot project based on the tourism strategy of the state of<br \/>\nNorth Rhine-Westphalia. According to our analyses of the market of the potential offered, the Spatzenhof should be positioned as a Premium (holiday) resort while retaining its existing structure<br \/>\nand excellent image. The Spatzenhof offers wonderful views of meadows and forests,<br \/>\na multitude of outdoor pursuits, medicinal wellness treatments and cultural activities, all complemented by an excellent restaurant. And with its central location and good accessibility, the Spatzenhof is set to become the ideal destination for city dwellers and nature lovers keen to take some time out in beautiful and relaxing surroundings.<\/p>\n<\/div>\n<\/div><\/div><\/div><\/div><\/div><div id=\"pg-567-3\"  class=\"panel-grid panel-no-style\" ><div id=\"pgc-567-3-0\"  class=\"panel-grid-cell\" ><div id=\"panel-567-3-0-0\" class=\"so-panel widget widget_sow-editor panel-first-child panel-last-child\" data-index=\"12\" ><div\n\t\t\t\n\t\t\tclass=\"so-widget-sow-editor so-widget-sow-editor-base\"\n\t\t\t\n\t\t>\n<div class=\"siteorigin-widget-tinymce textwidget\">\n\t<div style=\"height: 15px; background: url(https:\/\/schellknecht-konzepte.de\/wp-content\/uploads\/2019\/11\/slash-1.png)\"><\/div>\n<\/div>\n<\/div><\/div><\/div><\/div><div id=\"pg-567-4\"  class=\"panel-grid panel-no-style\" ><div id=\"pgc-567-4-0\"  class=\"panel-grid-cell\" ><div id=\"panel-567-4-0-0\" class=\"so-panel widget widget_sow-button panel-first-child panel-last-child\" data-index=\"13\" ><div class=\"panel-widget-style panel-widget-style-for-567-4-0-0\" ><div\n\t\t\t\n\t\t\tclass=\"so-widget-sow-button so-widget-sow-button-flat-87a476276b72-567\"\n\t\t\t\n\t\t><div class=\"ow-button-base ow-button-align-left\"\n>\n\t\t\t<a\n\t\t\t\t\thref=\"https:\/\/schellknecht-konzepte.de\/en\/what-we-are-working-on\/sustainable-tourism-concept-for-the-district-steglitz-zehlendorf\/\"\n\t\t\t\t\tclass=\"sowb-button ow-icon-placement-right ow-button-hover\" \t>\n\t\t<span>\n\t\t\t<span class=\"sow-icon-genericons\" data-sow-icon=\"&#xf501;\"\n\t\tstyle=\"color: #ffcc00\" \n\t\taria-hidden=\"true\"><\/span>\n\t\t\tNEXT PROJECT\t\t<\/span>\n\t\t\t<\/a>\n\t<\/div>\n<\/div><\/div><\/div><\/div><div id=\"pgc-567-4-1\"  class=\"panel-grid-cell\" ><div id=\"panel-567-4-1-0\" class=\"so-panel widget widget_sow-button panel-first-child panel-last-child\" data-index=\"14\" ><div class=\"panel-widget-style panel-widget-style-for-567-4-1-0\" ><div\n\t\t\t\n\t\t\tclass=\"so-widget-sow-button so-widget-sow-button-flat-59f762dbeb0a-567\"\n\t\t\t\n\t\t><div class=\"ow-button-base ow-button-align-left\"\n>\n\t\t\t<a\n\t\t\t\t\thref=\"https:\/\/schellknecht-konzepte.de\/en\/what-we-are-working-on\/ancora-marina-resort\/\"\n\t\t\t\t\tclass=\"sowb-button ow-icon-placement-left ow-button-hover\" \t>\n\t\t<span>\n\t\t\t<span class=\"sow-icon-genericons\" data-sow-icon=\"&#xf503;\"\n\t\tstyle=\"color: #ffcc00\" \n\t\taria-hidden=\"true\"><\/span>\n\t\t\tPREVIOUS PROJECT\t\t<\/span>\n\t\t\t<\/a>\n\t<\/div>\n<\/div><\/div><\/div><\/div><\/div><\/div>","protected":false},"excerpt":{"rendered":"<p>WHAT WE ARE WORKING ON GREAT IDEAS. FANTASTIC PROJECTS. Der Spatzenhof. A resort and spa in the Bergisches Land region. Location. Wermelskirchen, North Rhine-Westphalia, Germany. Services. Usage and operator concept \/ profitability calculation \/ technical assistance. Client. Gr\u00fcnderzeit Hotel &#038; Gastronomie OHG (Owner). Time period. Since April 2014. The project. \u201cGib den G\u00e4sten nur vom [&hellip;]<\/p>\n","protected":false},"author":1,"featured_media":0,"parent":381,"menu_order":0,"comment_status":"closed","ping_status":"closed","template":"","meta":{"footnotes":""},"class_list":["post-567","page","type-page","status-publish","hentry"],"_links":{"self":[{"href":"https:\/\/schellknecht-konzepte.de\/en\/wp-json\/wp\/v2\/pages\/567","targetHints":{"allow":["GET"]}}],"collection":[{"href":"https:\/\/schellknecht-konzepte.de\/en\/wp-json\/wp\/v2\/pages"}],"about":[{"href":"https:\/\/schellknecht-konzepte.de\/en\/wp-json\/wp\/v2\/types\/page"}],"author":[{"embeddable":true,"href":"https:\/\/schellknecht-konzepte.de\/en\/wp-json\/wp\/v2\/users\/1"}],"replies":[{"embeddable":true,"href":"https:\/\/schellknecht-konzepte.de\/en\/wp-json\/wp\/v2\/comments?post=567"}],"version-history":[{"count":0,"href":"https:\/\/schellknecht-konzepte.de\/en\/wp-json\/wp\/v2\/pages\/567\/revisions"}],"up":[{"embeddable":true,"href":"https:\/\/schellknecht-konzepte.de\/en\/wp-json\/wp\/v2\/pages\/381"}],"wp:attachment":[{"href":"https:\/\/schellknecht-konzepte.de\/en\/wp-json\/wp\/v2\/media?parent=567"}],"curies":[{"name":"wp","href":"https:\/\/api.w.org\/{rel}","templated":true}]}}